{"id":3796,"date":"2021-10-31T17:30:17","date_gmt":"2021-10-31T14:30:17","guid":{"rendered":"https:\/\/assutaeurope.com\/diagnostikos-paketai\/"},"modified":"2023-05-15T20:51:05","modified_gmt":"2023-05-15T17:51:05","slug":"diagnostikos-paketai","status":"publish","type":"page","link":"https:\/\/assutaeurope.com\/lt\/diagnostikos-paketai\/","title":{"rendered":"Diagnostikos paketai"},"content":{"rendered":"\n<div class=\"wp-block-columns is-layout-flex wp-container-core-columns-is-layout-9d6595d7 wp-block-columns-is-layout-flex\">\n<div class=\"wp-block-column is-layout-flow wp-block-column-is-layout-flow\" style=\"flex-basis:66.66%\">\n<p><strong>Izraelio Asutos ligonin\u0117<\/strong> yra puikus pavyzdys, koks apskritai tur\u0117t\u0173 b\u016bti medicinin\u0117s prie\u017ei\u016bros lygis. \u010cia naudojama visa reikalinga \u012franga, leid\u017eianti atlikti kokybi\u0161k\u0105 gydym\u0105, o svarbiausia \u2013 kompleksin\u0119 diagnostik\u0105, kurios rezultatai u\u017etikrina <strong>100% tikslum\u0105<\/strong>. O kaip \u017einoma, laiku nustatyta ir tiksli diagnoz\u0117 turi tiesiogin\u0117s \u012ftakos gydymo rezultatui.<\/p>\n<\/div>\n\n\n\n<div class=\"wp-block-column is-layout-flow wp-block-column-is-layout-flow\" style=\"flex-basis:33.33%\">\n<figure class=\"wp-block-image size-large\"><img fetchpriority=\"high\" decoding=\"async\" width=\"1024\" height=\"682\" src=\"http:\/\/assutaeurope.com\/wp-content\/uploads\/2021\/11\/diagnostika-1024x682.jpg\" alt=\"\" class=\"wp-image-1645\" srcset=\"https:\/\/assutaeurope.com\/wp-content\/uploads\/2021\/11\/diagnostika-1024x682.jpg 1024w, https:\/\/assutaeurope.com\/wp-content\/uploads\/2021\/11\/diagnostika-300x200.jpg 300w, https:\/\/assutaeurope.com\/wp-content\/uploads\/2021\/11\/diagnostika-150x100.jpg 150w, https:\/\/assutaeurope.com\/wp-content\/uploads\/2021\/11\/diagnostika-768x511.jpg 768w, https:\/\/assutaeurope.com\/wp-content\/uploads\/2021\/11\/diagnostika.jpg 1200w\" sizes=\"(max-width: 1024px) 100vw, 1024px\" \/><\/figure>\n<\/div>\n<\/div>\n\n<p>Kam reikalinga diagnostika?<\/p>\n\n<p>\u012eprasto gyvenimo eigoje kiekvienas \u017emogus gali susidurti su \u012fvairiais nekomforti\u0161kais poj\u016b\u010diais, kurie anks\u010diau nebuvo pa\u017eym\u0117ti, pvyzd\u017eiui: verk\u0161lenantis skausmai tam tikrose k\u016bno vietose; nuovargis; darbinio aktyvumo suma\u017e\u0117jimas; dusulys; staigus svorio kritimas ar padid\u0117jimas ir kt. Daugeliu atvej\u0173 \u017emon\u0117s ir toliau laiko save sveikais ir, priklausomai nuo simptom\u0173 sunkumo &#8211; neteikti jiems svarios vert\u0117s.<\/p>\n\n<p>Ta\u010diau pirm\u0173j\u0173 negalavim\u0173 momentas yra pats optimaliausias laikas, kai reikia pasitikrinti ir nustatyti skausmingos b\u016bkl\u0117s prie\u017east\u012f. Diagnostin\u0117s proced\u016bros leid\u017eia nustatyti ne tik sutrikimo prie\u017east\u012f, bet ir \u012fvertinti kit\u0173 organ\u0173 b\u016bkl\u0119 bei sveikat\u0105 apskritai.<\/p>\n\n<p>Tiksli diagnoz\u0117 nustatoma tyrim\u0173 eil\u0117s pagalba vienos <strong>Assuta<\/strong> ligonin\u0117s ribose. Tam yra naudojama naujausios kartos auk\u0161t\u0173j\u0173 technologij\u0173 \u012franga, kur visi\u0161kai atmetama klaidingos diagnoz\u0117s galimyb\u0117. Priklausomai nuo paciento nusiskundim\u0173, nustatoma tyrimo apimtis.<\/p>\n\n<p>Diagnostini\u0173 proced\u016br\u0173 s\u0105ra\u0161as ligonin\u0117je &#8222;Assuta&#8221;<\/p>\n\n<p><strong>Bazin\u0117s universalios proced\u016bros:<\/strong><\/p>\n\n<ul class=\"wp-block-list\">\n<li>Vidaus organ\u0173 ultragarsinis tyrimas;<\/li>\n\n\n\n<li>Mamografija;<\/li>\n\n\n\n<li>Radiologinis tyrimas;<\/li>\n\n\n\n<li>Bendras kraujo ir \u0161lapimo tyrimas;<\/li>\n\n\n\n<li>Biocheminis kraujo tyrimas;<\/li>\n\n\n\n<li>Echokardiografija.<\/li>\n<\/ul>\n\n<p><strong>Specifin\u0117s proced\u016bros:<\/strong><\/p>\n\n<ul class=\"wp-block-list\">\n<li>Streso echokardiografija (organ\u0173 b\u016bkl\u0117s tyrimas, veikiant doziniam fiziniam kr\u016bviui ir kontroliuojant echokardiografij\u0105);<\/li>\n\n\n\n<li>Izotopinis kaul\u0173 skenavimas;<\/li>\n\n\n\n<li>Skydliauk\u0117s funkcijos \u012fvertinimas;<\/li>\n\n\n\n<li>Anemijos testas;<\/li>\n\n\n\n<li>Kraujo tyrimas naviko \u017eymenims nustatyti;<\/li>\n\n\n\n<li>CRP, ENG.<\/li>\n<\/ul>\n\n<p><strong>Vyr\u0173 diagnostini\u0173 tyrim\u0173 programa:<\/strong><\/p>\n\n<ul class=\"wp-block-list\">\n<li>Kvalifikuoto urologo specialisto konsultacija;<\/li>\n\n\n\n<li>Pilvo ertm\u0117s kompiuterin\u0117 tomografija;<\/li>\n\n\n\n<li>Intravenin\u0117 urografija;<\/li>\n\n\n\n<li>Inkst\u0173 ultragarsas;<\/li>\n\n\n\n<li>Kraujo tyrimas d\u0117l PSA \u2013 prostatos ligos naviko \u017eymens;<\/li>\n\n\n\n<li>Galutinis pri\u0117mimas pas specialist\u0105 terapeut\u0105 (diagnostin\u0117s programos gaut\u0173 duomen\u0173 analiz\u0117 ir ra\u0161ytin\u0117 i\u0161vada).<\/li>\n<\/ul>\n\n<p><strong>Moter\u0173 diagnostini\u0173 tyrim\u0173 programa:<\/strong><\/p>\n\n<ul class=\"wp-block-list\">\n<li>Pri\u0117mimas pas ginekolog\u0105 ir medicinin\u0117 ap\u017ei\u016bra;<\/li>\n\n\n\n<li>Mamografija;<\/li>\n\n\n\n<li>Patologinio audinio biopsija;<\/li>\n\n\n\n<li>Hormon\u0173 testai;<\/li>\n\n\n\n<li>Ma\u017eojo dubens ultragarsinis tyrimas;<\/li>\n\n\n\n<li>\u017dmogaus papilomos viruso tyrimas;<\/li>\n\n\n\n<li>Gimdos kaklelio tepin\u0117lis.<\/li>\n<\/ul>\n\n<p><strong>Diagnostika turint cukrin\u012f diabet\u0105:<\/strong><\/p>\n\n<ul class=\"wp-block-list\">\n<li>Endokrinologo konsultacija;<\/li>\n\n\n\n<li>Inkst\u0173 kraujagysli\u0173 konsultacija;<\/li>\n\n\n\n<li>Apatini\u0173 gal\u016bni\u0173 arterij\u0173 doplerografija;<\/li>\n\n\n\n<li>Inkst\u0173 kraujagysli\u0173 doplerografija.<\/li>\n<\/ul>\n\n<p><strong>Vir\u0161kinimo trakto lig\u0173 diagnostika:<\/strong><\/p>\n\n<ul class=\"wp-block-list\">\n<li>Kolonoskopija ir biopsija;<\/li>\n\n\n\n<li>Gastroskopija;<\/li>\n\n\n\n<li>Pilvo ertm\u0117s organ\u0173 ultragarsinis tyrimas;<\/li>\n<\/ul>\n\n<p><strong>Diagnostika turint \u0161irdies lig\u0173:<\/strong><\/p>\n\n<ul class=\"wp-block-list\">\n<li>Koronarin\u0117 angiografija;<\/li>\n\n\n\n<li>Kaklo kraujagysli\u0173 dopleris;<\/li>\n\n\n\n<li>Streso echokardiografija.<\/li>\n<\/ul>\n\n<p>Diagnostini\u0173 proced\u016br\u0173 programos &#8222;Assuta&#8221; ligonin\u0117je<\/p>\n<div class=\"wp-block-image\">\n<figure class=\"alignright size-full is-resized\"><img decoding=\"async\" src=\"http:\/\/assutaeurope.com\/wp-content\/uploads\/2021\/11\/estelo.jpg\" alt=\"\" class=\"wp-image-1646\" width=\"295\" height=\"196\" srcset=\"https:\/\/assutaeurope.com\/wp-content\/uploads\/2021\/11\/estelo.jpg 1000w, https:\/\/assutaeurope.com\/wp-content\/uploads\/2021\/11\/estelo-300x200.jpg 300w, https:\/\/assutaeurope.com\/wp-content\/uploads\/2021\/11\/estelo-150x100.jpg 150w, https:\/\/assutaeurope.com\/wp-content\/uploads\/2021\/11\/estelo-768x511.jpg 768w\" sizes=\"(max-width: 295px) 100vw, 295px\" \/><\/figure>\n<\/div>\n<p>\u0160iai dienai &#8221; <strong>Assuta&#8221; ligonin\u0117je<\/strong> veikia kelets diagnostikos paslaug\u0173 paket\u0173, kurie kurie apima visus b\u016btinus pasaulio medicinos praktikoje egzistuojan\u010dius metodus.<\/p>\n\n<p>Programa &#8222;Sidabrinis patikrinimas&#8221;<\/p>\n\n<p><strong>\u0160is paketas yra bazin\u0117 k\u016bno tyrymo programa, kuri\u0105 sudaro:<\/strong><\/p>\n\n<ul class=\"wp-block-list\">\n<li>Gydytojo specialisto konsultacin\u0117 ap\u017ei\u016bra \u2013 jos metu i\u0161tiriama anamnez\u0117, kurios pagrindu gydytojas paskiria pirmin\u012f tyrim\u0105;<\/li>\n\n\n\n<li>Kompleksinis laboratorinis tyrimas &#8211; bendras ir biocheminis kraujo tyrimas; \u0161lapimo tyrimas; papildomi kraujo tyrim\u0173 metodai <em>(<strong>CRP<\/strong>, lipidai, onkomarkeriai ir kt.<\/em>);<\/li>\n\n\n\n<li><strong>Kraujo tyrimas d\u0117l PCA \u2013 leid\u017eia ankstyvoje stadijoje nustatyti piktybines prostatos ligas;<\/strong><\/li>\n\n\n\n<li>Laboratorinis i\u0161mat\u0173 tyrimas d\u0117l slapto kraujo &#8211; leid\u017eia diagnozuoti piktybin\u012f proces\u0105 \u017earnyno dalyje;<\/li>\n\n\n\n<li>Plau\u010di\u0173 rentgeno tyrimas &#8211; \u0161onin\u0117 ir tiesiogin\u0117 projekcija, gautos rentgenogramos interpretacija ir radiologo i\u0161vada;<\/li>\n\n\n\n<li>Spirometrijos testas &#8211; leid\u017eia patikrinti plau\u010di\u0173 b\u016bkl\u0119;<\/li>\n\n\n\n<li>Pri\u0117mimas pas otolaringolog\u0105 &#8211; klausos analizatoriaus jautrumo laipsnio \u012fvertinimas;<\/li>\n\n\n\n<li>Pri\u0117mimas pas oftalmolog\u0105 &#8211; akisp\u016bd\u017eio, taip pat dugno b\u016bkl\u0117s ir reg\u0117jimo a\u0161trumo \u012fvertinimas;<\/li>\n\n\n\n<li>Elektrokardiograma, ergometrija \u2013 \u0161irdies raumens tyrimas apkrovos ir ramyb\u0117s metu;<\/li>\n\n\n\n<li>Pri\u0117mimas pas kardiolog\u0105 &#8211; atliekam\u0173 kardio patikrinim\u0173 rezultat\u0173 specialisto tyrimas, taip pat j\u0173 is\u0161ifravimas ir tolesnis steb\u0117jimas;<\/li>\n\n\n\n<li>\u017dIV testas (paciento pageidavimu);<\/li>\n\n\n\n<li>Galutinis pri\u0117mimas pas gydytoja dietologa \u2013 specialisto konsultacija ir subalansuotos mitybos rekomendacijos.<\/li>\n<\/ul>\n\n<p>Moterims papildomai atliekamos konsultaijos su mamologu ir ginekologu.<\/p>\n\n<p>&#8222;<strong>Sidabrin\u0117s patikros<\/strong>&#8221; diagnostikos programos kaina \u2013 teiraukites <strong>medicinos atstovo.<\/strong><\/p>\n\n<p>Programa &#8222;Auksinis patikrinimas&#8221;<\/p>\n\n<p><strong>\u0160is paketas yra i\u0161samesnis k\u016bno tyrimas, kuris apima:<\/strong><\/p>\n\n<ul class=\"wp-block-list\">\n<li>Specialisto ap\u017ei\u016bra &#8211; medicinin\u0117 ap\u017ei\u016bra taip pat anamnez\u0117s tyrimas;<\/li>\n\n\n\n<li>Dermatoskopija &#8211; leid\u017eia nustatyti \u012fvairius patologinius odos procesus;<\/li>\n\n\n\n<li>Spirometrija &#8211; plau\u010di\u0173 funkcionalumo tyrimas;<\/li>\n\n\n\n<li>Audiometrinis klausos patikrinimas;<\/li>\n\n\n\n<li>Stresin\u0117 echokardiografija;<\/li>\n\n\n\n<li>Ma\u017eojo dubens, pilvo ertm\u0117s ir skydliauk\u0117s ultragarsinis tyrimas;<\/li>\n\n\n\n<li>Bendras \u0161lapimo tyrimas \u2013 baltym\u0173 ir gliukoz\u0117s lygio nustatymas; taip pat epitelio kraujo l\u0105steli\u0173 buvimas;<\/li>\n\n\n\n<li>U\u017edegimo ir pasl\u0117pt\u0173 proces\u0173 markeri\u0173 tikrinimas;<\/li>\n\n\n\n<li>Kraujo tyrimai d\u0117l hepatito B, hepatito C;<\/li>\n\n\n\n<li>Tyrimas d\u0117l anemijos ir vitamin\u0173 profilis;<\/li>\n\n\n\n<li>Skydliauk\u0117s funkcij\u0173 patikrinimas, remiantis kraujo tyrimo rezultatais;<\/li>\n\n\n\n<li>Serologini\u0173 markeri\u0173 tyrimas \u2013 piktybini\u0173 proces\u0173 buvimo nustatymas;<\/li>\n\n\n\n<li>Pilnas kraujo tyrimas \u2013 kurio eigoje nustatomas tikslus trombocit\u0173 ir hemoglobino kiekis; taip pat atliekamas hematokrito testas; RBC testas; balt\u0173j\u0173 kraujo k\u016bneli\u0173 frakcijos;<\/li>\n\n\n\n<li>Pilnas biocheminis kraujo tyrimas \u2013 r\u016bg\u0161tin\u0117s fosfataz\u0117s analiz\u0117; \u0161lapimo r\u016bg\u0161ties, bilirubino, albumino, globulino, natrio, kalio, kalcio, transaminaz\u0117s fermento lygio nustatymas; organ\u0173 ir sistem\u0173 funkcionalumo \u012fvertinimas; gliukoz\u0117s turinys kraujyje; analiz\u0117 d\u0117l kreatinino; inkst\u0173 b\u016bkl\u0117s nustatymas; kepen\u0173 ferment\u0173 tyrimas;<\/li>\n\n\n\n<li>Elektrokardiograma.<\/li>\n<\/ul>\n\n<p><strong>Diagnostikos programa gali apimti papildomus tyrimus:<\/strong><\/p>\n\n<ul class=\"wp-block-list\">\n<li>Moterims: specialisto ginekologo ap\u017ei\u016bra ir konsultacija; gimdos kaklelio tepin\u0117lis; lytini\u0173 organ\u0173 ultragarsinis tyrimas; mamografija;<\/li>\n\n\n\n<li>Vyrams: gydytojo urologo ap\u017ei\u016bra ir konsultacija; prostatos lig\u0173 nustatymas ankstyvoje stadijoje; erekcijos disfunkcijos ir kit\u0173 seksologijos srities problem\u0173 gydymas; analizi\u0173 rezultat\u0173 studijavimas ir i\u0161vados gavimas ra\u0161tu.<\/li>\n<\/ul>\n\n<p><strong>&#8222;Auksin\u0117s patikros&#8221; diagnostikos programos kaina \u2013 <strong>teiraukites medicinos atstovo.<\/strong><\/strong><\/p>\n\n<p>Programa &#8222;Platinin\u0117 patikra&#8221;<\/p>\n\n<p><strong>\u0160is paketas yra i\u0161samus k\u016bno tyrimas, \u012fskaitant \u0161ias proced\u016bras:<\/strong><\/p>\n\n<ul class=\"wp-block-list\">\n<li>Pirmasis pri\u0117mimas pas gydytoj\u0105 specialist\u0105 &#8211; lig\u0173 istorijos tyrimas, medicininis patikrinimas ir diagnostin\u0117s programos parengimas;<\/li>\n\n\n\n<li>Elektrokardiograma be apkrovos;<\/li>\n\n\n\n<li>Dermatoskopija;<\/li>\n\n\n\n<li>Spirometrija;<\/li>\n\n\n\n<li>Otolaringologinis tyrimas;<\/li>\n\n\n\n<li>Gastroenterologini\u0173 tyrim\u0173 kompleksas \u2013 specialisto konsultacija, kolonoskopija ir gastroskopija;<\/li>\n\n\n\n<li>Stresin\u0117 echokardiografija;<\/li>\n\n\n\n<li>Vir\u0161kinimo trakto tyrimai;<\/li>\n\n\n\n<li>Ma\u017eojo dubens, miego arterij\u0173, skydliauk\u0117s ir pilvo ertm\u0117s ultragarsinis tyrimas;<\/li>\n\n\n\n<li>Kompleksin\u0117 \u0161lapimo laboratorin\u0117 analiz\u0117;<\/li>\n\n\n\n<li>Genetinis tyrimas &#8211; paveldimo pob\u016bd\u017eio patologij\u0173 nustatymas;<\/li>\n\n\n\n<li>U\u017edegiminio \u017eymens buvimo analiz\u0117<\/li>\n\n\n\n<li>Kraujo tyrimas d\u0117l hepatito B ir C;<\/li>\n\n\n\n<li>Patikrinimas d\u0117l anemijos ir vitamin\u0173 profilis;<\/li>\n\n\n\n<li>Skydliauk\u0117s funkcijos tyrimas;<\/li>\n\n\n\n<li>Analiz\u0117 d\u0117l serologini\u0173 \u017eymen\u0173;<\/li>\n\n\n\n<li>Pilnas kraujo tyrimas;<\/li>\n\n\n\n<li>Bendras kraujo tyrimas.<\/li>\n<\/ul>\n\n<p><strong>Taip pat gali b\u016bti paskirti papildomi tyrimai:<\/strong><\/p>\n\n<ul class=\"wp-block-list\">\n<li>Moterims: ginekologo konsultacija ir ap\u017ei\u016bra; gimdos kaklelio tepin\u0117lis; mak\u0161ties ultragarsinis tyrimas; \u017dPV testas; mamografija;<\/li>\n\n\n\n<li>Vyrams: urologo konsultacija; ankstyvas prostatos lig\u0173 nustatymas TRUS metodu; erekcijos sutrikim\u0173 ir kit\u0173 seksologini\u0173 problem\u0173 gydymas; tyrim\u0173 rezultat\u0173 nagrin\u0117jimas ir ra\u0161ytin\u0117s ataskaitos gavimas.<\/li>\n<\/ul>\n\n<p>Pasitarkite <strong> <strong>su savo medicinos atstovu d\u0117l<\/strong><\/strong> &#8221; <strong>Gold Check-up&#8221;<\/strong> programos kainos.<\/p>\n\n<p>Pasibaigus bet kokiai diagnostikos programai, pacient\u0105 konsultuoja specialistas, kad i\u0161\u0161ifruot\u0173 tyrim\u0173 rezultatus ir sudaryt\u0173 geriausi\u0105 gydymo program\u0105. Pa\u017eym\u0117tina, kad visos diagnostin\u0117s proced\u016bros atliekamos modernia \u012franga, naudojant patikrintus protokolus ir laikantis grie\u017e\u010diausi\u0173 medicinos standart\u0173 pasaulyje.<\/p>\n","protected":false},"excerpt":{"rendered":"<p>Izraelio Asutos ligonin\u0117 yra puikus pavyzdys, koks apskritai tur\u0117t\u0173 b\u016bti medicinin\u0117s prie\u017ei\u016bros lygis. \u010cia naudojama visa reikalinga \u012franga, leid\u017eianti atlikti kokybi\u0161k\u0105 gydym\u0105, o svarbiausia \u2013 kompleksin\u0119 diagnostik\u0105, kurios rezultatai u\u017etikrina 100% tikslum\u0105. O kaip \u017einoma, laiku nustatyta ir tiksli diagnoz\u0117 turi tiesiogin\u0117s \u012ftakos gydymo rezultatui. Kam reikalinga diagnostika? \u012eprasto gyvenimo eigoje kiekvienas \u017emogus gali susidurti [&hellip;]<\/p>\n","protected":false},"author":1,"featured_media":0,"parent":0,"menu_order":0,"comment_status":"closed","ping_status":"closed","template":"","meta":{"footnotes":""},"class_list":["post-3796","page","type-page","status-publish","hentry"],"_links":{"self":[{"href":"https:\/\/assutaeurope.com\/lt\/wp-json\/wp\/v2\/pages\/3796","targetHints":{"allow":["GET"]}}],"collection":[{"href":"https:\/\/assutaeurope.com\/lt\/wp-json\/wp\/v2\/pages"}],"about":[{"href":"https:\/\/assutaeurope.com\/lt\/wp-json\/wp\/v2\/types\/page"}],"author":[{"embeddable":true,"href":"https:\/\/assutaeurope.com\/lt\/wp-json\/wp\/v2\/users\/1"}],"replies":[{"embeddable":true,"href":"https:\/\/assutaeurope.com\/lt\/wp-json\/wp\/v2\/comments?post=3796"}],"version-history":[{"count":7,"href":"https:\/\/assutaeurope.com\/lt\/wp-json\/wp\/v2\/pages\/3796\/revisions"}],"predecessor-version":[{"id":5018,"href":"https:\/\/assutaeurope.com\/lt\/wp-json\/wp\/v2\/pages\/3796\/revisions\/5018"}],"wp:attachment":[{"href":"https:\/\/assutaeurope.com\/lt\/wp-json\/wp\/v2\/media?parent=3796"}],"curies":[{"name":"wp","href":"https:\/\/api.w.org\/{rel}","templated":true}]}}