{"id":3774,"date":"2021-10-31T17:26:23","date_gmt":"2021-10-31T14:26:23","guid":{"rendered":"https:\/\/assutaeurope.com\/susisiekite-su\/"},"modified":"2023-10-03T20:53:46","modified_gmt":"2023-10-03T17:53:46","slug":"susisiekite-su","status":"publish","type":"page","link":"https:\/\/assutaeurope.com\/lt\/susisiekite-su\/","title":{"rendered":"Susisiekite su"},"content":{"rendered":"\n<p><strong>Susisiekite su mumis bet kuriuo pageidaujamu b\u016bdu ir gaukite nemokam\u0105 konsultacij\u0105 su pirmaujan\u010diais Izraelio gydytojais.<\/strong><\/p>\n\n<p><\/p>\n\n<ul class=\"wp-block-list\">\n<li><strong>\u0410\u0434\u0440\u0435\u0441:\u00a0<\/strong>Zalgirio 90, D building, 09303, Vilnius<\/li>\n\n\n\n<li><strong>\u0422\u0435\u043b:\u00a0<\/strong><a href=\"tel:+972747020202\"><\/a><a href=\"tel:+37063227428\">+370 63227428<\/a><\/li>\n\n\n\n<li><strong>WhatsApp:\u00a0<\/strong><a href=\"tel:+37063227428\">+370 63227428<\/a><\/li>\n\n\n\n<li><strong>Telegram:<\/strong> <a href=\"https:\/\/t.me\/TopIsraMed\">https:\/\/t.me\/TopIsraMed<\/a><\/li>\n\n\n\n<li><strong>Email:\u00a0<\/strong><a href=\"mailto:assutaeurope@gmail.com\">assutaeurope@gmail.com<\/a><\/li>\n<\/ul>\n\n<p><\/p>\n\n<h2 class=\"wp-block-heading\" id=\"&#x43A;&#x430;&#x440;&#x442;&#x430;-&#x43F;&#x440;&#x43E;&#x435;&#x437;&#x434;&#x430;-&#x434;&#x43E;-&#x431;&#x43E;&#x43B;&#x44C;&#x43D;&#x438;&#x446;&#x44B;-&#x430;&#x441;&#x441;&#x443;&#x442;&#x430;\">Prava\u017eiavimo iki Assuta ligonin\u0117s \u017eem\u0117lapis<\/h2>\n\n<iframe src=\"https:\/\/www.google.com\/maps\/embed?pb=!1m18!1m12!1m3!1d2305.3376074813687!2d25.2781498!3d54.70368320000001!2m3!1f0!2f0!3f0!3m2!1i1024!2i768!4f13.1!3m3!1m2!1s0x46dd96aafadaa549%3A0x177a5d9f17c827b0!2zxb1hbGdpcmlvIGcuIDkwLWQsIDA5MzAwIFZpbG5pdXMsINCb0LjRgtCy0LA!5e0!3m2!1sru!2sua!4v1689154970242!5m2!1sru!2sua\" width=\"100%\" height=\"600\" style=\"border:0;\" allowfullscreen=\"\" loading=\"lazy\" referrerpolicy=\"no-referrer-when-downgrade\"><\/iframe>\n","protected":false},"excerpt":{"rendered":"<p>Susisiekite su mumis bet kuriuo pageidaujamu b\u016bdu ir gaukite nemokam\u0105 konsultacij\u0105 su pirmaujan\u010diais Izraelio gydytojais. Prava\u017eiavimo iki Assuta ligonin\u0117s \u017eem\u0117lapis<\/p>\n","protected":false},"author":1,"featured_media":0,"parent":0,"menu_order":0,"comment_status":"closed","ping_status":"closed","template":"","meta":{"footnotes":""},"class_list":["post-3774","page","type-page","status-publish","hentry"],"_links":{"self":[{"href":"https:\/\/assutaeurope.com\/lt\/wp-json\/wp\/v2\/pages\/3774","targetHints":{"allow":["GET"]}}],"collection":[{"href":"https:\/\/assutaeurope.com\/lt\/wp-json\/wp\/v2\/pages"}],"about":[{"href":"https:\/\/assutaeurope.com\/lt\/wp-json\/wp\/v2\/types\/page"}],"author":[{"embeddable":true,"href":"https:\/\/assutaeurope.com\/lt\/wp-json\/wp\/v2\/users\/1"}],"replies":[{"embeddable":true,"href":"https:\/\/assutaeurope.com\/lt\/wp-json\/wp\/v2\/comments?post=3774"}],"version-history":[{"count":5,"href":"https:\/\/assutaeurope.com\/lt\/wp-json\/wp\/v2\/pages\/3774\/revisions"}],"predecessor-version":[{"id":5697,"href":"https:\/\/assutaeurope.com\/lt\/wp-json\/wp\/v2\/pages\/3774\/revisions\/5697"}],"wp:attachment":[{"href":"https:\/\/assutaeurope.com\/lt\/wp-json\/wp\/v2\/media?parent=3774"}],"curies":[{"name":"wp","href":"https:\/\/api.w.org\/{rel}","templated":true}]}}