{"id":3764,"date":"2021-10-31T17:31:21","date_gmt":"2021-10-31T14:31:21","guid":{"rendered":"https:\/\/assutaeurope.com\/medicinos-turizmo-skyrius\/"},"modified":"2023-05-07T20:52:54","modified_gmt":"2023-05-07T17:52:54","slug":"medicinos-turizmo-skyrius","status":"publish","type":"page","link":"https:\/\/assutaeurope.com\/lt\/medicinos-turizmo-skyrius\/","title":{"rendered":"Medicinos turizmo skyrius"},"content":{"rendered":"\n<div class=\"wp-block-image\"><figure class=\"alignright size-full is-resized\"><img fetchpriority=\"high\" decoding=\"async\" src=\"http:\/\/assutaeurope.com\/wp-content\/uploads\/2021\/11\/medical-tourism-of-israel.jpg\" alt=\"\" class=\"wp-image-1649\" width=\"345\" height=\"196\" srcset=\"https:\/\/assutaeurope.com\/wp-content\/uploads\/2021\/11\/medical-tourism-of-israel.jpg 500w, https:\/\/assutaeurope.com\/wp-content\/uploads\/2021\/11\/medical-tourism-of-israel-300x170.jpg 300w, https:\/\/assutaeurope.com\/wp-content\/uploads\/2021\/11\/medical-tourism-of-israel-150x85.jpg 150w\" sizes=\"(max-width: 345px) 100vw, 345px\" \/><\/figure><\/div>\n\n<p>Paprastai atvyk\u0119s \u012f nepa\u017e\u012fstam\u0105 \u0161al\u012f \u017emogus gali pasimesti ir netekti i\u0161 aki\u0173 tam tikr\u0173 svarbi\u0173 dalyk\u0173, kurie gali tur\u0117ti \u012ftakos gydymo s\u0117kmei. Tinkamas buvimo Izraelyje organizavimas gali palengvinti daugel\u012f proces\u0173 ir pad\u0117ti pasiekti nustatyto gydymo tikslo. M\u016bs\u0173 kompanija teikia viso proceso kompetentingo organizavimo paslaugas, prad\u0117dant nuo atvykimo koordinavimo ir baigiant i\u0161lyd\u0117jimo \u012f oro uost\u0105, pasibaigus buvimui Izraelyje.<\/p>\n\n<p><strong>Privatus medicinos centras &#8222;Assuta&#8221;<\/strong> did\u017eiul\u012f d\u0117mes\u012f skiria transfero paslaugoms ir medicinos turist\u0173 lyd\u0117jimui \u0161alyje.<\/p>\n\n<p><strong>Gydymo organizacijos s\u0105ra\u0161as:<\/strong><\/p>\n\n<ul class=\"wp-block-list\"><li>Kvalifikuota konsultacija telefonu, visos reikalingos informacijos suteikimas, atsakymai \u012f kylan\u010dius klausimus, iki kainora\u0161\u010dio.<\/li><li>Asmeninio palydovo pasirinkimas.<\/li><li>Pagalba renkantis specialist\u0105 ir greitas pri\u0117mim\u0173 tvarkar\u0161\u010dio pas gydant\u012f specialist\u0105 planavimas.<\/li><li>Atvykimo datos paskyrimas, sutikimas oro uoste ir transferis i\u0161 oro uosto \u012f i\u0161sinuomot\u0105 b\u016bst\u0105.<\/li><li>Izraelio telefono SIM kortel\u0117s teikimas.<\/li><li>Pri\u0117mimas pas specialist\u0105 ir diagnostika (u\u017etrunka ne ilgiau kaip savait\u0119).<\/li><li>Minimalus laikas rezultatams gauti ir gydymo koncepcijai parengti.<\/li><li>Neatid\u0117liotinos operacijos (jei reikia) ir vis\u0173 kit\u0173 medicinini\u0173 proced\u016br\u0173 atlikimas.<\/li><li>I\u0161ra\u0161ymas i\u0161 ligonin\u0117s ir komforti\u0161kos buvimo Izraelyje s\u0105lygos.<\/li><\/ul>\n\n<p>Pacientas gali b\u016bti tikras d\u0117l viso gydymo ir buvimo \u0161alyje proceso operatyvaus organizavimo, palydos paslauga galioja per vis\u0105 laikotarp\u012f. Tai rei\u0161kia, kad atvykus medicinos turizmo \u012fmon\u0117s darbuotojas visada bus \u0161alia Jus, net ir pri\u0117mime pas specialist\u0105. Visi kompanijos darbuotojai gerai pa\u017e\u012fsta miest\u0105 ir kalb\u0105, kas leid\u017eia visas reikalingas konsultacijas vesti suprantama kalba.<\/p>\n\n<p><strong>Medicinos turizmo privalumai:<\/strong><\/p>\n\n<ul class=\"wp-block-list\"><li>Nemokamas biliet\u0173 u\u017esakymo paslaugos teikimas, vie\u0161bu\u010dio pasirinkimo apgyvendinimui pagal pacient\u0173 pageidavim\u0105.<\/li><li>Komunikavimas vis\u0105 par\u0105 su asmeniniu atvejo vadybininku prie\u0161 atvykstant \u012f Izrael\u012f ir viso buvimo \u0161alyje metu.<\/li><li>Individualaus gydymo ir diagnostikos plano sudarymas ir preliminarus j\u0173 kainos apskai\u010diavimas.<\/li><li>Konsultacija ligos ir \u012fvairi\u0173 diagnostikos bei gydymo metod\u0173 klausimais.<\/li><li>Nemokamas paciento medicinini\u0173 dokument\u0173 ir anamnez\u0117s vertimas.<\/li><li>Lyd\u0117jimas suprantama kalba net ir pri\u0117mimo pas gydytoj\u0105 metu.<\/li><\/ul>\n\n<p>Kai tik pacientas nusileid\u017eia oro uoste, j\u012f pasitinka kompanijos atstovas, puikiai kalbantis suprantama kalba. Jis pad\u0117da praeiti visas tarnybas oro uoste ir lydi iki prabangaus automobilio, kuri vairuoja asmeninis vairuotojas. Pacientas nuve\u017eamas \u012f vie\u0161but\u012f, kuriame jau paruo\u0161tas i\u0161 anksto rezervuotas kambarys.<\/p>\n\n<p>Papildomai, pacientui si\u016bloma kult\u016brin\u0117 ir pramog\u0173 programa, taip pat visos kitos laisvalaikio praleidimo formos, \u012f kurias \u012fein\u0105: <strong>apsipirkimas, gro\u017eio \u012fmon\u0117s, SPA salonai, vaizdingos vietos, parkai<\/strong> ir daug kit\u0173.<\/p>\n\n<p>Jei pacientas laisvalaikio metu u\u017esinor\u0117s apsilankyti \u0161alies vaizdingas vietas, muziejus ar parkus, tuomet si\u016bloma asmeninio gido paslauga, kuris suprantama kalba pasakos apie kiekvienos patalpos istorij\u0105.<\/p>\n\n<p>Reik\u0117t\u0173 pa\u017eym\u0117ti, kad \u0161i\u0173 paslaug\u0173 realizavimas vyksta pagal kliento pageidavim\u0105.<\/p>\n\n<p>Greitas servisas, neprilygstamas aptarnavimas \u2013 \u0161tai kas b\u016btina pacientui nepa\u017e\u012fstamoje \u0161alyje, ypa\u010d sunkios ligos metu. \u0160iandien Jus galite kreiptis \u012f medicinos klinikos konsultant\u0105, o rytoj jau atva\u017eiuoti \u012f pri\u0117mim\u0105 pas gydant\u012f gydytoj\u0105. Medicinos centras \u201eAssuta\u201c sudarin\u0117ja visas teikimo s\u0105lygas ne tik puiki\u0173 medicinini\u0173, bet ir turistini\u0173 paslaug\u0173 pacientams. <\/p>\n","protected":false},"excerpt":{"rendered":"<p>Paprastai atvyk\u0119s \u012f nepa\u017e\u012fstam\u0105 \u0161al\u012f \u017emogus gali pasimesti ir netekti i\u0161 aki\u0173 tam tikr\u0173 svarbi\u0173 dalyk\u0173, kurie gali tur\u0117ti \u012ftakos gydymo s\u0117kmei. Tinkamas buvimo Izraelyje organizavimas gali palengvinti daugel\u012f proces\u0173 ir pad\u0117ti pasiekti nustatyto gydymo tikslo. M\u016bs\u0173 kompanija teikia viso proceso kompetentingo organizavimo paslaugas, prad\u0117dant nuo atvykimo koordinavimo ir baigiant i\u0161lyd\u0117jimo \u012f oro uost\u0105, pasibaigus [&hellip;]<\/p>\n","protected":false},"author":1,"featured_media":0,"parent":0,"menu_order":0,"comment_status":"closed","ping_status":"closed","template":"","meta":{"footnotes":""},"class_list":["post-3764","page","type-page","status-publish","hentry"],"_links":{"self":[{"href":"https:\/\/assutaeurope.com\/lt\/wp-json\/wp\/v2\/pages\/3764","targetHints":{"allow":["GET"]}}],"collection":[{"href":"https:\/\/assutaeurope.com\/lt\/wp-json\/wp\/v2\/pages"}],"about":[{"href":"https:\/\/assutaeurope.com\/lt\/wp-json\/wp\/v2\/types\/page"}],"author":[{"embeddable":true,"href":"https:\/\/assutaeurope.com\/lt\/wp-json\/wp\/v2\/users\/1"}],"replies":[{"embeddable":true,"href":"https:\/\/assutaeurope.com\/lt\/wp-json\/wp\/v2\/comments?post=3764"}],"version-history":[{"count":9,"href":"https:\/\/assutaeurope.com\/lt\/wp-json\/wp\/v2\/pages\/3764\/revisions"}],"predecessor-version":[{"id":4999,"href":"https:\/\/assutaeurope.com\/lt\/wp-json\/wp\/v2\/pages\/3764\/revisions\/4999"}],"wp:attachment":[{"href":"https:\/\/assutaeurope.com\/lt\/wp-json\/wp\/v2\/media?parent=3764"}],"curies":[{"name":"wp","href":"https:\/\/api.w.org\/{rel}","templated":true}]}}