{"id":3761,"date":"2021-10-31T17:31:45","date_gmt":"2021-10-31T14:31:45","guid":{"rendered":"https:\/\/assutaeurope.com\/medicinos-turizmas-izraelyje\/"},"modified":"2023-05-05T20:39:37","modified_gmt":"2023-05-05T17:39:37","slug":"medicinos-turizmas-izraelyje","status":"publish","type":"page","link":"https:\/\/assutaeurope.com\/lt\/medicinos-turizmas-izraelyje\/","title":{"rendered":"Medicinos turizmas Izraelyje"},"content":{"rendered":"\n<div class=\"wp-block-image\"><figure class=\"alignright size-full\"><img decoding=\"async\" width=\"257\" height=\"160\" src=\"http:\/\/assutaeurope.com\/wp-content\/uploads\/2021\/11\/turism-v-israel.jpg\" alt=\"\" class=\"wp-image-1652\" srcset=\"https:\/\/assutaeurope.com\/wp-content\/uploads\/2021\/11\/turism-v-israel.jpg 257w, https:\/\/assutaeurope.com\/wp-content\/uploads\/2021\/11\/turism-v-israel-150x93.jpg 150w\" sizes=\"(max-width: 257px) 100vw, 257px\" \/><\/figure><\/div>\n\n<p><strong>Medicinos turizmas \u2013 tai turizmo at\u0161aka u\u017esienie\u010diams, atvykstantiems gydytis.<\/strong> Per pastaruosius kelerius metus \u0161i at\u0161aka susirinko did\u017eiul\u0119 paklaus\u0105 i\u0161sivys\u010diusiose \u0161alyse. Taip yra d\u0117l neabejotinos gydymo u\u017esienyje naudos, nes b\u016btent \u010dia medicinos paslaugos i\u0161siskiria neprilygstama kokybe.<\/p>\n\n<p><strong>Izraelio ligonin\u0117s yra \u017einomos d\u0117l savo neprilygstamo profesinio lygio ir auk\u0161tos kvalifikacijos personalo specialist\u0173, kurie turi did\u017eiul\u0119 patirt\u012f ir pra\u0117jo rimt\u0105 paruo\u0161im\u0105 ir apmokym\u0105 pirmaujan\u010diose viso pasaulio klinikose.<\/strong> Vis daugiau pacient\u0173 i\u0161 \u012fvairi\u0173 \u0161ali\u0173 atvyksta \u012f Izrael\u012f, kad gauti medicinines paslaugas ir pasim\u0117gaut\u0173 autenti\u0161ka \u0161alies atmosfera.<\/p>\n\n<p>Kelion\u0117 \u012f u\u017esien\u012f medicinos tikslais<\/p>\n\n<p><strong>Pirmaujan\u010dio centro \u201eAssuta<\/strong>\u201c medicinos turizmas &#8211; yra did\u017eiausia gydymo \u012fstaiga Izraelyje, kuris taip pat u\u017eima lyderiaujan\u010dias pozicijas visame pasaulyje Pacient\u0173 gydymui \u010dia naudojama naujausios kartos \u012franga kartu su pa\u017eangiomis medicinos technologijomis ir metodikomis. B\u016btent tai leid\u017eia visada pasiekti mil\u017eini\u0161k\u0173 rezultat\u0173 diagnostikos- gydymo procese. Ligonin\u0117 aktyviai diegia progresyvius metodus ir \u012fvairias revoliucines naujoves, kas leid\u017eia ligoninei i\u0161likti tarptautinio masto medicinos centru. \u201eAssuta\u201c medicinos personal\u0105 sudaro <strong>daugiau nei 1500<\/strong> specialist\u0173, turin\u010di\u0173 \u012fsp\u016bding\u0105 patirt\u012f visose medicinos srityse.<\/p>\n\n<p><strong>Medicinos centras \u201eAssuta\u201c r\u016bpinasi visais pacientais ne tik i\u0161 Izraelio, bet ir Vakar\u0173 bei Ryt\u0173 \u0161ali\u0173 pilie\u010diais.<\/strong> Pagrindiniu paslaug\u0173 teikimo tikslu yra galimyb\u0117 medicinos pagalbos gavimo proces\u0105 padaryti maksimaliai komforti\u0161ku pacientui.<\/p>\n\n<p>Medicinos turizmas apima \u0161i\u0173 proces\u0173 organizavim\u0105, \u012f kur\u012f \u012feina daugyb\u0117 atsaking\u0173 paslaug\u0173, nuleid\u017eian\u010di\u0173 sunkum\u0105 nuo paciento p\u0117\u010di\u0173. Trumpai tariant, \u0161ios paslaugos apima: nuolatin\u0119 pagalb\u0105 darbuotojo, atliekan\u010dio vert\u0117jo vaidmen\u012f; kontakto su gydan\u010diu personalu u\u017etikrinim\u0105; palyda ir daug daugiau.<\/p>\n\n<p>Gydymo Izraelyje privalumai<\/p>\n\n<p>Izraelio medicina \u017einoma kaip dinami\u0161ka, konkurencinga sistema, orientuota \u012f s\u0117km\u0119 ir rezultatyvum\u0105. Nuo savo \u012fk\u016brimo momento Izraelis spar\u010diai pl\u0117tojo sveikatos prie\u017ei\u016bros sistem\u0105, kas \u0161iandien leid\u017eia jai u\u017eimti auk\u0161tas pozicijas medicinos prie\u017ei\u016bros lygyje ir techninio \u012frengimo srityje visame pasaulyje. \u010cia teikiama pagalba, derinanti savyje auk\u0161tos kokyb\u0117s ir priimtin\u0173 kain\u0173 kriterijus.<\/p>\n\n<p>Izraelyje puikiai i\u0161vystyta biotechnologij\u0173 pramon\u0117, kas leid\u017eia diegti \u012f klinikin\u0119 praktik\u0105 naujausias technologijas ir metodikas anks\u010diau nei tai vyksta kitose \u0161alyse.<\/p>\n\n<p>Prie viso to galima pasakyti, kad Izraelis yra gra\u017ei \u0161alis, su savo unikalia istorija, kra\u0161tovaizd\u017eio ypatyb\u0117mis ir daugybe \u0161vent\u0173 viet\u0173. B\u016btent \u010dia galima gauti auk\u0161tos kokyb\u0117s medicinos paslaugas, taip pat m\u0117gautis unikalia \u0161alies atmosfera ir vaizdingumu.<\/p>\n","protected":false},"excerpt":{"rendered":"<p>Medicinos turizmas \u2013 tai turizmo at\u0161aka u\u017esienie\u010diams, atvykstantiems gydytis. Per pastaruosius kelerius metus \u0161i at\u0161aka susirinko did\u017eiul\u0119 paklaus\u0105 i\u0161sivys\u010diusiose \u0161alyse. Taip yra d\u0117l neabejotinos gydymo u\u017esienyje naudos, nes b\u016btent \u010dia medicinos paslaugos i\u0161siskiria neprilygstama kokybe. Izraelio ligonin\u0117s yra \u017einomos d\u0117l savo neprilygstamo profesinio lygio ir auk\u0161tos kvalifikacijos personalo specialist\u0173, kurie turi did\u017eiul\u0119 patirt\u012f ir pra\u0117jo [&hellip;]<\/p>\n","protected":false},"author":1,"featured_media":0,"parent":0,"menu_order":0,"comment_status":"closed","ping_status":"closed","template":"","meta":{"footnotes":""},"class_list":["post-3761","page","type-page","status-publish","hentry"],"_links":{"self":[{"href":"https:\/\/assutaeurope.com\/lt\/wp-json\/wp\/v2\/pages\/3761","targetHints":{"allow":["GET"]}}],"collection":[{"href":"https:\/\/assutaeurope.com\/lt\/wp-json\/wp\/v2\/pages"}],"about":[{"href":"https:\/\/assutaeurope.com\/lt\/wp-json\/wp\/v2\/types\/page"}],"author":[{"embeddable":true,"href":"https:\/\/assutaeurope.com\/lt\/wp-json\/wp\/v2\/users\/1"}],"replies":[{"embeddable":true,"href":"https:\/\/assutaeurope.com\/lt\/wp-json\/wp\/v2\/comments?post=3761"}],"version-history":[{"count":5,"href":"https:\/\/assutaeurope.com\/lt\/wp-json\/wp\/v2\/pages\/3761\/revisions"}],"predecessor-version":[{"id":4997,"href":"https:\/\/assutaeurope.com\/lt\/wp-json\/wp\/v2\/pages\/3761\/revisions\/4997"}],"wp:attachment":[{"href":"https:\/\/assutaeurope.com\/lt\/wp-json\/wp\/v2\/media?parent=3761"}],"curies":[{"name":"wp","href":"https:\/\/api.w.org\/{rel}","templated":true}]}}