{"id":3753,"date":"2021-11-01T09:58:34","date_gmt":"2021-11-01T06:58:34","guid":{"rendered":"https:\/\/assutaeurope.com\/adresas-ir-keliones-nurodymai\/"},"modified":"2023-10-03T20:52:25","modified_gmt":"2023-10-03T17:52:25","slug":"adresas-ir-keliones-nurodymai","status":"publish","type":"page","link":"https:\/\/assutaeurope.com\/lt\/adresas-ir-keliones-nurodymai\/","title":{"rendered":"Adresas ir prava\u017eiavimo schema"},"content":{"rendered":"\n<p><a href=\"\/\"><strong>Medicinos centras Assuta\u2122<\/strong><\/a><\/p>\n\n<p>Medicinos centras &#8222;Assuta&#8221;\u2122 \u012fsik\u016br\u0119s Tel Avivo Ramat-a-Hayal rajone.<\/p>\n\n<p>Ramat-a-Hayal priklauso vienam gra\u017eiausi\u0173 Tel Avivo rajon\u0173, i\u0161saugojusiam rami\u0105 senamies\u010dio harmonij\u0105, deran\u010di\u0105 su auk\u0161t\u0173j\u0173 technologij\u0173 biur\u0173 pastatais. Rajone gausu i\u0161skirtini\u0173 restoran\u0173, garsi\u0173 Izraelio mados dizaineri\u0173 butik\u0173 ir nebrangi\u0173 u\u017ekandini\u0173.<\/p>\n\n<p>Medicinos centre &#8222;Assuta&#8221; \u2122 veikia savo taksi tarnyb\u0105, turin\u010dia didel\u012f automobili\u0173 park\u0105. Susisiekimas vie\u0161uoju transportu taip pat labai patogus: tiesiai prie\u0161ais pagrindin\u012f Assuta\u2122 \u012f\u0117jim\u0105 yra autobus\u0173 stotel\u0117, o visai \u0161alia ligonin\u0117s yra 4 autobus\u0173 stotel\u0117s, kur vyksta daugyb\u0117 autobus\u0173 mar\u0161rut\u0173, kurie pristatys Jus \u012f bet kur\u012f Tel Avivo rajon\u0105 ir iki elektrinio traukinio sto\u010di\u0173.<strong>Ramat-a-Hayal, Ha Barzel gatv\u0117 20<\/strong>.<br\/><strong>Tel Avivas<\/strong><\/p>\n\n<h2 class=\"wp-block-heading\">Prava\u017eiavimo iki Assuta ligonin\u0117s \u017eem\u0117lapis<\/h2>\n\n<iframe style=\"border: 0;\" src=\"https:\/\/www.google.com\/maps\/embed?pb=!1m18!1m12!1m3!1d3379.5674506636406!2d34.836557615261135!3d32.10797418117922!2m3!1f0!2f0!3f0!3m2!1i1024!2i768!4f13.1!3m3!1m2!1s0x151d49949c3b5e57%3A0xf03186640d68f965!2z0JDRgdGB0YPRgtCw!5e0!3m2!1sru!2sua!4v1517240765860\" frameborder=\"0\" width=\"100%\" height=\"600\"><\/iframe>\n","protected":false},"excerpt":{"rendered":"<p>Medicinos centras Assuta\u2122 Medicinos centras &#8222;Assuta&#8221;\u2122 \u012fsik\u016br\u0119s Tel Avivo Ramat-a-Hayal rajone. Ramat-a-Hayal priklauso vienam gra\u017eiausi\u0173 Tel Avivo rajon\u0173, i\u0161saugojusiam rami\u0105 senamies\u010dio harmonij\u0105, deran\u010di\u0105 su auk\u0161t\u0173j\u0173 technologij\u0173 biur\u0173 pastatais. Rajone gausu i\u0161skirtini\u0173 restoran\u0173, garsi\u0173 Izraelio mados dizaineri\u0173 butik\u0173 ir nebrangi\u0173 u\u017ekandini\u0173. Medicinos centre &#8222;Assuta&#8221; \u2122 veikia savo taksi tarnyb\u0105, turin\u010dia didel\u012f automobili\u0173 park\u0105. Susisiekimas vie\u0161uoju transportu [&hellip;]<\/p>\n","protected":false},"author":1,"featured_media":0,"parent":0,"menu_order":0,"comment_status":"closed","ping_status":"closed","template":"","meta":{"footnotes":""},"class_list":["post-3753","page","type-page","status-publish","hentry"],"_links":{"self":[{"href":"https:\/\/assutaeurope.com\/lt\/wp-json\/wp\/v2\/pages\/3753","targetHints":{"allow":["GET"]}}],"collection":[{"href":"https:\/\/assutaeurope.com\/lt\/wp-json\/wp\/v2\/pages"}],"about":[{"href":"https:\/\/assutaeurope.com\/lt\/wp-json\/wp\/v2\/types\/page"}],"author":[{"embeddable":true,"href":"https:\/\/assutaeurope.com\/lt\/wp-json\/wp\/v2\/users\/1"}],"replies":[{"embeddable":true,"href":"https:\/\/assutaeurope.com\/lt\/wp-json\/wp\/v2\/comments?post=3753"}],"version-history":[{"count":7,"href":"https:\/\/assutaeurope.com\/lt\/wp-json\/wp\/v2\/pages\/3753\/revisions"}],"predecessor-version":[{"id":5696,"href":"https:\/\/assutaeurope.com\/lt\/wp-json\/wp\/v2\/pages\/3753\/revisions\/5696"}],"wp:attachment":[{"href":"https:\/\/assutaeurope.com\/lt\/wp-json\/wp\/v2\/media?parent=3753"}],"curies":[{"name":"wp","href":"https:\/\/api.w.org\/{rel}","templated":true}]}}