{"id":3749,"date":"2021-11-01T09:56:58","date_gmt":"2021-11-01T06:56:58","guid":{"rendered":"https:\/\/assutaeurope.com\/apie-ligonine-assuta\/"},"modified":"2023-04-14T16:49:22","modified_gmt":"2023-04-14T13:49:22","slug":"apie-ligonine-assuta","status":"publish","type":"page","link":"https:\/\/assutaeurope.com\/lt\/apie-ligonine-assuta\/","title":{"rendered":"Apie ligonin\u0119 &#8222;Assuta"},"content":{"rendered":"\n<figure class=\"wp-block-image size-large\"><img fetchpriority=\"high\" decoding=\"async\" width=\"1024\" height=\"683\" src=\"http:\/\/assutaeurope.com\/wp-content\/uploads\/2021\/11\/assuta_001_2-1024x683.jpg\" alt=\"\" class=\"wp-image-1659\" srcset=\"https:\/\/assutaeurope.com\/wp-content\/uploads\/2021\/11\/assuta_001_2-1024x683.jpg 1024w, https:\/\/assutaeurope.com\/wp-content\/uploads\/2021\/11\/assuta_001_2-300x200.jpg 300w, https:\/\/assutaeurope.com\/wp-content\/uploads\/2021\/11\/assuta_001_2-150x100.jpg 150w, https:\/\/assutaeurope.com\/wp-content\/uploads\/2021\/11\/assuta_001_2-768x512.jpg 768w, https:\/\/assutaeurope.com\/wp-content\/uploads\/2021\/11\/assuta_001_2-1536x1024.jpg 1536w, https:\/\/assutaeurope.com\/wp-content\/uploads\/2021\/11\/assuta_001_2-2048x1365.jpg 2048w\" sizes=\"(max-width: 1024px) 100vw, 1024px\" \/><\/figure>\n\n<p><strong><br\/><br\/>Medicinos centras &#8222;Assuta Medical Centre<sup> tm<\/sup><\/strong> &#8221; \u012fsitvirtino kaip neabejotinas autoritetas medicinos pagalbos teikimo moderniausiomis priemon\u0117mis srityje. Su ligonine bendradarbiauja daugiau nei t\u016bkstantis geriausi\u0173 specialist\u0173, kurie teikia priva\u010dias konsultacijas, diagnozuoja ir gydo pacientus i\u0161 viso pasaulio. Kasmet \u010dia atliekama daugiau kaip 80 000 chirurgini\u0173 operacij\u0173, tarp kuri\u0173 naudojamos beveik visos operacini\u0173 metodik\u0173 r\u016b\u0161ys \u2013 kiek moderni\u0173, tiek ir konservatyvi\u0173. B\u016btent \u0161ioje ligonin\u0117je derinama neprilygstamo lygio technin\u0117 \u012franga ir did\u017eiul\u0117 gydan\u010di\u0173 specialist\u0173 patirtis.<\/p>\n\n<p>Pagrindinis medicinos<strong>centro<sup>&#8222;<\/sup>Assuta&#8221;<\/strong> pastatas buvo pastatytas 2009 m. <strong>Tel Avivo<\/strong> <strong>Ramat a Hayaal rajone<\/strong>. \u012estaigos projektavim\u0105 vykd\u0117 \u017einomos Kanados architekt\u0173 firmos, besispecializuojan\u010dios medicinos \u012fstaig\u0173 statybose, specialistai Pastato schema buvo suplanuota grie\u017etai laikantis Izraelio gydymo \u012fstaig\u0173 statybos reikalavim\u0173. institucijos. Nuo pastato pastatymo laik\u0173 ligonin\u0117s technologin\u0117 \u012franga buvo ne kart\u0105 tobulinama, atsi\u017evelgiant \u012f pa\u010dias naujausias raidas ir medicinos pavyzd\u017eius..<\/p>\n\n<p>Ligonin\u0117s pastato strukt\u016bra logi\u0161kai apgalvota iki smulkmen\u0173, pavyzd\u017eiui, saugus patekimas \u012f operacin\u0119 vienu keliu, o i\u0161\u0117jimas &#8211; kitu, atskirti liftai pacientams ir lankytojams, prie \u012f\u0117jimo \u012f palatas ir kambarius \u012frengti antiseptinio tirpalo dozatoriai ir daug kit\u0173 dalyk\u0173.<\/p>\n\n<p>De\u0161imties auk\u0161t\u0173 pastate yra Onkologijos institutas, intensyviosios terapijos skyrius, 16 operacini\u0173 sali\u0173, 2 laboratorijos ir did\u017eiausias Izraelyje vizualin\u0117s diagnostikos skyrius.<\/p>\n\n<p>&#8221; <strong>Assuta<sup> Tm <\/sup>&#8221; ligonin\u0117s<\/strong>medicinos personalas r\u016bpinasi kiekvienu atvykstan\u010diu pacientu ir stengiasi, kad medicinos pagalbos gavimo procesas b\u016bt\u0173 kuo patogesnis. D\u0117l \u0161ios prie\u017easties \u012f ligonin\u0119 auga kit\u0173 \u0161ali\u0173 gyventoj\u0173 srautas, konsultacijos, tyrim\u0173 ir gydymo tikslu<\/p>\n\n<p>U\u017esienio pilie\u010diams ligonin\u0117je veikia asmeninio, J\u016bms suprantama kalba kalban\u010dio asistento paslauga, kuris lyd\u0117s pacient\u0105 visuose gydymo etapuose, siekiant u\u017etikrinti geresn\u012f kontakt\u0105 su personalu ir visais kitais ligonin\u0117je vykstan\u010diais procesais. Taip pat, palydovas grie\u017eta tvarka vers vis\u0105 reikiam\u0105 informacij\u0105.<\/p>\n\n<p><strong>Privatus medicinos centras &#8222;Assuta&#8221; turi daugyb\u0119 neprilygstam\u0173 privalum\u0173:<\/strong><\/p>\n\n<ul class=\"wp-block-list\"><li>Inovatyvi \u012franga ir geriausios pasaulyje \u012frangos naudojimas;<\/li><li>Kompetentingi ir patyr\u0119 specialistai, baig\u0119 specializuotus mokymus presti\u017ein\u0117se pasaulio medicinos \u012fstaigose;<\/li><li>Puikios buities s\u0105lygos, leid\u017eian\u010dios pacientams jaustis kaip namie buvimo stacionare laikotarp\u012f . Esant poreikiui, pacientas gali papra\u0161yti atskiro kambario, kuriame b\u016bt\u0173 u\u017etikrintas auk\u0161\u010diausias komforto lygis (atskiras tualetas, du\u0161as ir kt.);<\/li><li>Kiekvienam pacientui teikiama individuali prie\u017ei\u016bra, leid\u017eianti parengti tinkamiausi\u0105 gydymo program\u0105.<\/li><\/ul>\n\n<p><strong>Klinikoje &#8222;Assuta Clinic<sup> tm<\/sup><\/strong> &#8221; veikia kelios labai specializuotos ekspert\u0173 grup\u0117s, kurias sudaro \u012fvairaus profilio gydytojai specialistai. \u0160i\u0173 grupi\u0173 veikla vykdoma grie\u017etai laikantis amerikieti\u0161ko kolektyvinio keitimosi patirtimi ekspertin\u0117s kontrol\u0117s modelio, pagr\u012fsto glaud\u017eiu bendradarbiavimu ir nuolatiniu \u012fvairiapusiu vystymu. Kaip rodo praktika, toks po\u017ei\u016bris suteikia galimyb\u0119 vienokio ar kitokio sunkumo diagnozi\u0173 medicininius klausimus spr\u0119sti kolektyviai, o tai leid\u017eia pasiekti optimali\u0173 gydymo rezultat\u0173.<\/p>\n\n<p><strong>\u0160iuo metu ligonin\u0117je &#8222;Assuta&#8221; veikia \u0161ios ekspert\u0173 grup\u0117s:<\/strong><\/p>\n\n<ul class=\"wp-block-list\"><li>&#8222;Aya Medical&#8221;<\/li><li>&#8222;Colopro Surgical&#8221;<\/li><li>&#8222;Gastro Surgery&#8221;<\/li><li>&#8222;Asiya Medical<\/li><li>&#8222;Uromedic&#8221;<\/li><li>&#8222;Kardiochil&#8221;.<\/li><li>&#8222;Aram.&#8221;<\/li><\/ul>\n","protected":false},"excerpt":{"rendered":"<p>Medicinos centras &#8222;Assuta Medical Centre tm &#8221; \u012fsitvirtino kaip neabejotinas autoritetas medicinos pagalbos teikimo moderniausiomis priemon\u0117mis srityje. Su ligonine bendradarbiauja daugiau nei t\u016bkstantis geriausi\u0173 specialist\u0173, kurie teikia priva\u010dias konsultacijas, diagnozuoja ir gydo pacientus i\u0161 viso pasaulio. Kasmet \u010dia atliekama daugiau kaip 80 000 chirurgini\u0173 operacij\u0173, tarp kuri\u0173 naudojamos beveik visos operacini\u0173 metodik\u0173 r\u016b\u0161ys \u2013 kiek [&hellip;]<\/p>\n","protected":false},"author":1,"featured_media":0,"parent":0,"menu_order":0,"comment_status":"closed","ping_status":"closed","template":"","meta":{"footnotes":""},"class_list":["post-3749","page","type-page","status-publish","hentry"],"_links":{"self":[{"href":"https:\/\/assutaeurope.com\/lt\/wp-json\/wp\/v2\/pages\/3749","targetHints":{"allow":["GET"]}}],"collection":[{"href":"https:\/\/assutaeurope.com\/lt\/wp-json\/wp\/v2\/pages"}],"about":[{"href":"https:\/\/assutaeurope.com\/lt\/wp-json\/wp\/v2\/types\/page"}],"author":[{"embeddable":true,"href":"https:\/\/assutaeurope.com\/lt\/wp-json\/wp\/v2\/users\/1"}],"replies":[{"embeddable":true,"href":"https:\/\/assutaeurope.com\/lt\/wp-json\/wp\/v2\/comments?post=3749"}],"version-history":[{"count":5,"href":"https:\/\/assutaeurope.com\/lt\/wp-json\/wp\/v2\/pages\/3749\/revisions"}],"predecessor-version":[{"id":4970,"href":"https:\/\/assutaeurope.com\/lt\/wp-json\/wp\/v2\/pages\/3749\/revisions\/4970"}],"wp:attachment":[{"href":"https:\/\/assutaeurope.com\/lt\/wp-json\/wp\/v2\/media?parent=3749"}],"curies":[{"name":"wp","href":"https:\/\/api.w.org\/{rel}","templated":true}]}}