{"id":3744,"date":"2021-10-31T17:32:50","date_gmt":"2021-10-31T14:32:50","guid":{"rendered":"https:\/\/assutaeurope.com\/apie-musu-klinika\/"},"modified":"2023-04-16T20:50:49","modified_gmt":"2023-04-16T17:50:49","slug":"apie-musu-klinika","status":"publish","type":"page","link":"https:\/\/assutaeurope.com\/lt\/apie-musu-klinika\/","title":{"rendered":"Apie m\u016bs\u0173 klinik\u0105"},"content":{"rendered":"\n<div class=\"wp-block-image\"><figure class=\"alignleft size-full is-resized\"><img fetchpriority=\"high\" decoding=\"async\" src=\"http:\/\/assutaeurope.com\/wp-content\/uploads\/2021\/11\/vrachi-2.jpg\" alt=\"\" class=\"wp-image-1656\" width=\"335\" height=\"224\" srcset=\"https:\/\/assutaeurope.com\/wp-content\/uploads\/2021\/11\/vrachi-2.jpg 500w, https:\/\/assutaeurope.com\/wp-content\/uploads\/2021\/11\/vrachi-2-300x200.jpg 300w, https:\/\/assutaeurope.com\/wp-content\/uploads\/2021\/11\/vrachi-2-150x100.jpg 150w\" sizes=\"(max-width: 335px) 100vw, 335px\" \/><\/figure><\/div>\n\n<p><strong>&#8222;Monada Medical Center&#8221;<\/strong> yra pirmaujantis modernus centras, teikiantis b\u016btinoj\u012f medicinos aptarnavimo spektr\u0105 u\u017esienio pacientams. Pilie\u010diai i\u0161 viso pasaulio \u0161ali\u0173 gali kreiptis pas mus su \u012fvairiais organizaciniais klausimais prie\u0161 atvykdami \u012f Izrael\u012f medicinin\u0117s konsultacijos, ap\u017ei\u016bros ar gydymo tikslu. Mes padedame \u017emon\u0117ms u\u017etikrinti ry\u0161\u012f su ligonin\u0117s medicinos personalu, taip pat palengvinti daugyb\u0119 proces\u0173, susijusi\u0173 su buvimu nepa\u017e\u012fstamoje \u0161alyje.<\/p>\n\n<p>Bendrov\u0117s veikla prasid\u0117davo nuo sertifikuot\u0173 farmakologini\u0173 preparat\u0173 ir medicinin\u0117s \u012frangos teikimo \u012f \u012fvairias ligonines. Laikui b\u0117gant, kompanija spar\u010diai vyst\u0117si ir netrukus atidar\u0117 nauj\u0105 u\u017esienio pacientams pagalbos skyri\u0173, kuris beveik i\u0161 karto \u012fgijo didel\u0119 paklaus\u0105.<\/p>\n\n<p>Centre dirba auk\u0161tos kvalifikacijos gydytojai, kuriems vadovauja direktorius Borisas \u0160ifrinas, turintis daktaro laipsn\u012f. Ligonin\u0117s personalas pasi\u017eymi atsidavimu, neprilygstamu profesionalumu ir draugi\u0161ku po\u017ei\u016briu \u012f kiekvien\u0105 pacient\u0105. Pa\u017eym\u0117tina, kad m\u016bs\u0173 darbuotojai kalba keliomis kalbomis, kas leid\u017eia rasti bendr\u0105 kalb\u0105 su beveik bet kurios \u0161alies pilie\u010diais.<\/p>\n\n<div class=\"wp-block-image\"><figure class=\"alignright size-full is-resized\"><img decoding=\"async\" src=\"http:\/\/assutaeurope.com\/wp-content\/uploads\/2021\/11\/vrachi-3.jpg\" alt=\"\" class=\"wp-image-1657\" width=\"338\" height=\"226\" srcset=\"https:\/\/assutaeurope.com\/wp-content\/uploads\/2021\/11\/vrachi-3.jpg 400w, https:\/\/assutaeurope.com\/wp-content\/uploads\/2021\/11\/vrachi-3-300x200.jpg 300w, https:\/\/assutaeurope.com\/wp-content\/uploads\/2021\/11\/vrachi-3-150x100.jpg 150w\" sizes=\"(max-width: 338px) 100vw, 338px\" \/><\/figure><\/div>\n\n<p>Viena i\u0161 pagrindini\u0173 m\u016bs\u0173 veiklos sri\u010di\u0173 yra pagalba i\u0161renkant J\u016bs\u0173 finansines galimybes atitinkant\u012f paslaug\u0173 paket\u0105, \u012fskaitant gydym\u0105. Mes esame visada atviri bendradarbiavimui ir suinteresuoti priimti geriausi\u0105 sprendim\u0105.<\/p>\n\n<p>Svarbu pa\u017eym\u0117ti, kad mes nei\u0161duodame savo paslaug\u0173 \u012fkaini\u0173. Gydymo kaina nustatoma pagal <strong>Izraelio sveikatos apsaugos ministerijos<\/strong> kainora\u0161t\u012f. Paprastai kain\u0173 lygis tiesiogiai priklauso nuo proced\u016bros sud\u0117tingumo, gydan\u010dio gydytojo kategorijos, ligonin\u0117s paslaug\u0173 lygio ir diagnostin\u0117s \u012frangos. Pacientas taip pat gali pats pasirinkti gydant\u012f gydytoj\u0105. Pacientui pageidaujant, \u0161iuo klausimu mes galime pateikti rekomendacij\u0105.<\/p>\n\n<p>Bendradarbiavimas su geriausiais Izraelio ekspertais, tame tarpe organizacini\u0173 klausim\u0173 srityje, yra teikiam\u0173 paslaug\u0173 efektyvumo ir pacient\u0173, atvykstan\u010di\u0173 \u012f \u0161al\u012f i\u0161 tolim\u0173 planetos gal\u0173, saugumo garantija. <\/p>\n","protected":false},"excerpt":{"rendered":"<p>&#8222;Monada Medical Center&#8221; yra pirmaujantis modernus centras, teikiantis b\u016btinoj\u012f medicinos aptarnavimo spektr\u0105 u\u017esienio pacientams. Pilie\u010diai i\u0161 viso pasaulio \u0161ali\u0173 gali kreiptis pas mus su \u012fvairiais organizaciniais klausimais prie\u0161 atvykdami \u012f Izrael\u012f medicinin\u0117s konsultacijos, ap\u017ei\u016bros ar gydymo tikslu. Mes padedame \u017emon\u0117ms u\u017etikrinti ry\u0161\u012f su ligonin\u0117s medicinos personalu, taip pat palengvinti daugyb\u0119 proces\u0173, susijusi\u0173 su buvimu nepa\u017e\u012fstamoje [&hellip;]<\/p>\n","protected":false},"author":1,"featured_media":0,"parent":0,"menu_order":0,"comment_status":"closed","ping_status":"closed","template":"","meta":{"footnotes":""},"class_list":["post-3744","page","type-page","status-publish","hentry"],"_links":{"self":[{"href":"https:\/\/assutaeurope.com\/lt\/wp-json\/wp\/v2\/pages\/3744","targetHints":{"allow":["GET"]}}],"collection":[{"href":"https:\/\/assutaeurope.com\/lt\/wp-json\/wp\/v2\/pages"}],"about":[{"href":"https:\/\/assutaeurope.com\/lt\/wp-json\/wp\/v2\/types\/page"}],"author":[{"embeddable":true,"href":"https:\/\/assutaeurope.com\/lt\/wp-json\/wp\/v2\/users\/1"}],"replies":[{"embeddable":true,"href":"https:\/\/assutaeurope.com\/lt\/wp-json\/wp\/v2\/comments?post=3744"}],"version-history":[{"count":7,"href":"https:\/\/assutaeurope.com\/lt\/wp-json\/wp\/v2\/pages\/3744\/revisions"}],"predecessor-version":[{"id":4976,"href":"https:\/\/assutaeurope.com\/lt\/wp-json\/wp\/v2\/pages\/3744\/revisions\/4976"}],"wp:attachment":[{"href":"https:\/\/assutaeurope.com\/lt\/wp-json\/wp\/v2\/media?parent=3744"}],"curies":[{"name":"wp","href":"https:\/\/api.w.org\/{rel}","templated":true}]}}