{"id":3741,"date":"2021-11-01T09:42:51","date_gmt":"2021-11-01T06:42:51","guid":{"rendered":"https:\/\/assutaeurope.com\/kainos\/"},"modified":"2023-10-03T19:59:23","modified_gmt":"2023-10-03T16:59:23","slug":"kainos","status":"publish","type":"page","link":"https:\/\/assutaeurope.com\/lt\/kainos\/","title":{"rendered":"Kainos"},"content":{"rendered":"\n<p><strong>Assuta\u2122 medicinos centras yra did\u017eiausias privatus medicinos centras Izraelyje. \u201eAssuta\u201c teikia medicinos paslaugas daugiau nei 1 000 000 pacient\u0173 per metus. Tarp j\u0173 yra kaip Izraelio pilie\u010di\u0173, taip ir turist\u0173 i\u0161 viso pasaulio. 1500 pirmaujan\u010di\u0173 Izraelio chirurg\u0173, tarp kuri\u0173 profesoriai ir katedr\u0173 vadovai, priima ir operuoja pacientus &#8222;Assutoje&#8221;. Kasmet &#8222;Assutoje&#8221; atliekama 98 000 chirurgini\u0173 proced\u016br\u0173, 140 000 mamografij\u0173 ir 630 000 ambulatorini\u0173 proced\u016br\u0173.<\/strong><\/p>\n\n<p>Medicinos centras <strong>&#8221; Assuta\u2122&#8221;<\/strong> taip pat yra ir did\u017eiausia privati onkologijos klinika Izraelyje. Jeigu Jums reikia pagalbos, atsi\u0173skite mums u\u017eklaus\u0105 d\u0117l gydymo i\u0161laid\u0173 apskai\u010diavimo ir palyginkite kainas. Mes garantuojame \u017eemiausias kainas prie auk\u0161\u010diausio lygio paslaug\u0173. <\/p>\n\n<p><strong>Pateikus parai\u0161k\u0105 dabar, Jus gausite vis\u0105 i\u0161laid\u0173 apskai\u010diavim\u0105 grei\u010diau nei per 24 valandas<\/strong><\/p>\n","protected":false},"excerpt":{"rendered":"<p>Assuta\u2122 medicinos centras yra did\u017eiausias privatus medicinos centras Izraelyje. \u201eAssuta\u201c teikia medicinos paslaugas daugiau nei 1 000 000 pacient\u0173 per metus. Tarp j\u0173 yra kaip Izraelio pilie\u010di\u0173, taip ir turist\u0173 i\u0161 viso pasaulio. 1500 pirmaujan\u010di\u0173 Izraelio chirurg\u0173, tarp kuri\u0173 profesoriai ir katedr\u0173 vadovai, priima ir operuoja pacientus &#8222;Assutoje&#8221;. Kasmet &#8222;Assutoje&#8221; atliekama 98 000 chirurgini\u0173 proced\u016br\u0173, [&hellip;]<\/p>\n","protected":false},"author":1,"featured_media":0,"parent":0,"menu_order":0,"comment_status":"closed","ping_status":"closed","template":"","meta":{"footnotes":""},"class_list":["post-3741","page","type-page","status-publish","hentry"],"_links":{"self":[{"href":"https:\/\/assutaeurope.com\/lt\/wp-json\/wp\/v2\/pages\/3741","targetHints":{"allow":["GET"]}}],"collection":[{"href":"https:\/\/assutaeurope.com\/lt\/wp-json\/wp\/v2\/pages"}],"about":[{"href":"https:\/\/assutaeurope.com\/lt\/wp-json\/wp\/v2\/types\/page"}],"author":[{"embeddable":true,"href":"https:\/\/assutaeurope.com\/lt\/wp-json\/wp\/v2\/users\/1"}],"replies":[{"embeddable":true,"href":"https:\/\/assutaeurope.com\/lt\/wp-json\/wp\/v2\/comments?post=3741"}],"version-history":[{"count":5,"href":"https:\/\/assutaeurope.com\/lt\/wp-json\/wp\/v2\/pages\/3741\/revisions"}],"predecessor-version":[{"id":5692,"href":"https:\/\/assutaeurope.com\/lt\/wp-json\/wp\/v2\/pages\/3741\/revisions\/5692"}],"wp:attachment":[{"href":"https:\/\/assutaeurope.com\/lt\/wp-json\/wp\/v2\/media?parent=3741"}],"curies":[{"name":"wp","href":"https:\/\/api.w.org\/{rel}","templated":true}]}}